{"id":297,"date":"2015-05-28T13:05:13","date_gmt":"2015-05-28T13:05:13","guid":{"rendered":"http:\/\/quanticalabs.com\/wptest\/carservice\/?page_id=297"},"modified":"2022-05-22T10:01:40","modified_gmt":"2022-05-22T07:01:40","slug":"contact-style-1","status":"publish","type":"page","link":"https:\/\/hasgurcanlar.com.tr\/?page_id=297","title":{"rendered":"\u0130leti\u015fim"},"content":{"rendered":"<p>[vc_row type=&#8221;full-width&#8221;][vc_column][vc_raw_html]JTNDZGl2JTIwc3R5bGUlM0QlMjJ3aWR0aCUzQSUyMDEwMCUyNSUyMiUzRSUzQ2lmcmFtZSUyMHdpZHRoJTNEJTIyMTAwJTI1JTIyJTIwaGVpZ2h0JTNEJTIyNjAwJTIyJTIwZnJhbWVib3JkZXIlM0QlMjIwJTIyJTIwc2Nyb2xsaW5nJTNEJTIybm8lMjIlMjBtYXJnaW5oZWlnaHQlM0QlMjIwJTIyJTIwbWFyZ2lud2lkdGglM0QlMjIwJTIyJTIwc3JjJTNEJTIyaHR0cHMlM0ElMkYlMkZtYXBzLmdvb2dsZS5jb20lMkZtYXBzJTNGd2lkdGglM0QxMDAlMjUyNSUyNmFtcCUzQmhlaWdodCUzRDYwMCUyNmFtcCUzQmhsJTNEZW4lMjZhbXAlM0JxJTNES2F6JTI1QzQlMjVCMW1kaXJpayUyQyUyNTIwNDAyLiUyNTIwU2suJTI1MjBEJTNBMzElMkMlMjUyMDM1MTAwJTI1MjBCb3Jub3ZhJTJGJTI1QzQlMjVCMHptaXIlMkIlMjhoYXNnJTI1QzMlMjVCQ3JjYW5sYXIlMjklMjZhbXAlM0J0JTNEJTI2YW1wJTNCeiUzRDE0JTI2YW1wJTNCaWUlM0RVVEY4JTI2YW1wJTNCaXdsb2MlM0RCJTI2YW1wJTNCb3V0cHV0JTNEZW1iZWQlMjIlM0UlM0NhJTIwaHJlZiUzRCUyMmh0dHBzJTNBJTJGJTJGd3d3Lmdwcy5pZSUyRm1hcmluZS1ncHMlMkYlMjIlM0VzaGlwJTIwdHJhY2tlciUzQyUyRmElM0UlM0MlMkZpZnJhbWUlM0UlM0MlMkZkaXYlM0U=[\/vc_raw_html][\/vc_column][\/vc_row][vc_row top_margin=&#8221;page-margin-top&#8221;][vc_column width=&#8221;1\/3&#8243;]<div class=\"feature-item\"><h5>Bize Hemen Ula\u015f\u0131n<\/h5><div class=\"icon sl-small-phone-circle\"><\/div><p>Telefon: 0232 435 13 79<\/p>\n<p>Email: info@hasgurcanlar.com.tr<\/p>\n<p>Email: hasgurcanlar35@gmail.com<\/p><\/div>[\/vc_column][vc_column width=&#8221;1\/3&#8243;]<div class=\"feature-item\"><h5>HASG\u00dcRCANLAR EPS, H\u0130DROL\u0130K D\u0130REKS\u0130YON,POMPA TAM\u0130R\u0130<\/h5><div class=\"icon sl-small-location-map\"><\/div><p>Kaz\u0131m Dirik Mah. 402. Sk. No:31, 35100 Bornova\/\u0130zmir<br \/>\n<a href=\"https:\/\/www.google.pl\/maps\/place\/HASG%C3%9CRCANLAR+EPS,+H%C4%B0DROL%C4%B0K+D%C4%B0REKS%C4%B0YON,POMPA+TAM%C4%B0R%C4%B0\/@38.4468619,27.1804432,17z\/data=!3m1!4b1!4m5!3m4!1s0x14b97ceaaaaaaaab:0x9dc784da9e7bd455!8m2!3d38.4468679!4d27.1826399\" target=\"_blank\" rel=\"noopener\">Haritada G\u00f6r\u00fcnt\u00fcle<\/a><\/p><\/div>[\/vc_column][vc_column width=&#8221;1\/3&#8243;]<div class=\"feature-item\"><h5>7\/24 Yard\u0131m<\/h5><div class=\"icon sl-small-truck-tow\"><\/div><p>Profesyonel ekibimizle 7\/24 Hizmetinizdeyiz<\/p><\/div>[\/vc_column][\/vc_row][vc_row top_margin=&#8221;page-margin-top&#8221; el_class=&#8221;padding-bottom-66&#8243;][vc_column]<form class=\"contact-form \" id=\"contact_form\" method=\"post\" action=\"#\">\n\t\t<div class=\"vc_row wpb_row vc_inner\">\n\t\t\t<fieldset class=\"vc_col-sm-6 wpb_column vc_column_container\">\n\t\t\t\t<div class=\"block\">\n\t\t\t\t\t<input class=\"text_input\" name=\"name\" type=\"text\" value=\"Ad Soyad\" placeholder=\"Ad Soyad\" data-default=\"Ad Soyad\" data-required=\"1\">\n\t\t\t\t<\/div>\n\t\t\t\t<div class=\"block\">\n\t\t\t\t\t<input class=\"text_input\" name=\"email\" type=\"text\" value=\"Email\" placeholder=\"Email\" data-default=\"Email\" data-required=\"1\">\n\t\t\t\t<\/div>\n\t\t\t\t<div class=\"block\">\n\t\t\t\t\t<input class=\"text_input\" name=\"phone\" type=\"text\" value=\"Telefon\" placeholder=\"Telefon\" data-default=\"Telefon\">\n\t\t\t\t<\/div>\n\t\t\t<\/fieldset>\n\t\t\t<fieldset class=\"vc_col-sm-6 wpb_column vc_column_container\">\n\t\t\t\t<div class=\"block\">\n\t\t\t\t\t<textarea class=\"margin_top_10\" name=\"message\" placeholder=\"Mesaj *\" data-default=\"Mesaj *\" data-required=\"1\">Mesaj *<\/textarea>\n\t\t\t\t<\/div>\n\t\t\t<\/fieldset>\n\t\t<\/div>\n\t\t<div class=\"vc_row wpb_row vc_inner submit-container margin-top-30\"><div class=\"vc_col-sm-6 wpb_column vc_column_container\">\n\t\t\t\t\t<p>Profesyonel Destek Ekibimiz size en k\u0131sa zamanda ula\u015facak.<\/p>\n\t\t\t\t<\/div>\n\t\t\t\t<div class=\"vc_col-sm-6 wpb_column vc_column_container align-right\"><input type=\"hidden\" name=\"action\" value=\"theme_contact_form\">\n\t\t\t\t<input type=\"hidden\" name=\"id\" value=\"contact_form\"><div class=\"vc_row wpb_row vc_inner margin-top-20 padding-bottom-20\">\n\t\t\t\t\t<a class=\"more submit-contact-form\" href=\"#\" title=\"Bize Ula\u015f\u0131n\"><span>Bize Ula\u015f\u0131n<\/span><\/a>\n\t\t\t\t<\/div><\/div><\/div>\n\t<\/form>[\/vc_column][\/vc_row]<\/p>\n","protected":false},"excerpt":{"rendered":"<p>[vc_row type=&#8221;full-width&#8221;][vc_column][vc_raw_html]JTNDZGl2JTIwc3R5bGUlM0QlMjJ3aWR0aCUzQSUyMDEwMCUyNSUyMiUzRSUzQ2lmcmFtZSUyMHdpZHRoJTNEJTIyMTAwJTI1JTIyJTIwaGVpZ2h0JTNEJTIyNjAwJTIyJTIwZnJhbWVib3JkZXIlM0QlMjIwJTIyJTIwc2Nyb2xsaW5nJTNEJTIybm8lMjIlMjBtYXJnaW5oZWlnaHQlM0QlMjIwJTIyJTIwbWFyZ2lud2lkdGglM0QlMjIwJTIyJTIwc3JjJTNEJTIyaHR0cHMlM0ElMkYlMkZtYXBzLmdvb2dsZS5jb20lMkZtYXBzJTNGd2lkdGglM0QxMDAlMjUyNSUyNmFtcCUzQmhlaWdodCUzRDYwMCUyNmFtcCUzQmhsJTNEZW4lMjZhbXAlM0JxJTNES2F6JTI1QzQlMjVCMW1kaXJpayUyQyUyNTIwNDAyLiUyNTIwU2suJTI1MjBEJTNBMzElMkMlMjUyMDM1MTAwJTI1MjBCb3Jub3ZhJTJGJTI1QzQlMjVCMHptaXIlMkIlMjhoYXNnJTI1QzMlMjVCQ3JjYW5sYXIlMjklMjZhbXAlM0J0JTNEJTI2YW1wJTNCeiUzRDE0JTI2YW1wJTNCaWUlM0RVVEY4JTI2YW1wJTNCaXdsb2MlM0RCJTI2YW1wJTNCb3V0cHV0JTNEZW1iZWQlMjIlM0UlM0NhJTIwaHJlZiUzRCUyMmh0dHBzJTNBJTJGJTJGd3d3Lmdwcy5pZSUyRm1hcmluZS1ncHMlMkYlMjIlM0VzaGlwJTIwdHJhY2tlciUzQyUyRmElM0UlM0MlMkZpZnJhbWUlM0UlM0MlMkZkaXYlM0U=[\/vc_raw_html][\/vc_column][\/vc_row][vc_row top_margin=&#8221;page-margin-top&#8221;][vc_column width=&#8221;1\/3&#8243;][\/vc_column][vc_column width=&#8221;1\/3&#8243;][\/vc_column][vc_column width=&#8221;1\/3&#8243;][\/vc_column][\/vc_row][vc_row top_margin=&#8221;page-margin-top&#8221; el_class=&#8221;padding-bottom-66&#8243;][vc_column][\/vc_column][\/vc_row]<\/p>\n","protected":false},"author":1,"featured_media":0,"parent":0,"menu_order":0,"comment_status":"open","ping_status":"open","template":"template-default-without-breadcrumbs.php","meta":{"footnotes":""},"class_list":["post-297","page","type-page","status-publish","hentry"],"_links":{"self":[{"href":"https:\/\/hasgurcanlar.com.tr\/index.php?rest_route=\/wp\/v2\/pages\/297","targetHints":{"allow":["GET"]}}],"collection":[{"href":"https:\/\/hasgurcanlar.com.tr\/index.php?rest_route=\/wp\/v2\/pages"}],"about":[{"href":"https:\/\/hasgurcanlar.com.tr\/index.php?rest_route=\/wp\/v2\/types\/page"}],"author":[{"embeddable":true,"href":"https:\/\/hasgurcanlar.com.tr\/index.php?rest_route=\/wp\/v2\/users\/1"}],"replies":[{"embeddable":true,"href":"https:\/\/hasgurcanlar.com.tr\/index.php?rest_route=%2Fwp%2Fv2%2Fcomments&post=297"}],"version-history":[{"count":11,"href":"https:\/\/hasgurcanlar.com.tr\/index.php?rest_route=\/wp\/v2\/pages\/297\/revisions"}],"predecessor-version":[{"id":1827,"href":"https:\/\/hasgurcanlar.com.tr\/index.php?rest_route=\/wp\/v2\/pages\/297\/revisions\/1827"}],"wp:attachment":[{"href":"https:\/\/hasgurcanlar.com.tr\/index.php?rest_route=%2Fwp%2Fv2%2Fmedia&parent=297"}],"curies":[{"name":"wp","href":"https:\/\/api.w.org\/{rel}","templated":true}]}}