{"id":236,"date":"2015-05-26T10:02:04","date_gmt":"2015-05-26T10:02:04","guid":{"rendered":"http:\/\/quanticalabs.com\/wptest\/carservice\/?page_id=236"},"modified":"2015-05-26T10:02:04","modified_gmt":"2015-05-26T10:02:04","slug":"blog","status":"publish","type":"page","link":"https:\/\/hasgurcanlar.com.tr\/?page_id=236","title":{"rendered":"Blog Template"},"content":{"rendered":"<p>[vc_row el_class=&#8221;margin-top-70&#8243;][vc_column width=&#8221;3\/4&#8243;]<div class=\"vc_row wpb_row vc_row-fluid\"><ul class=\"blog clearfix\"><li class=\" post post-262 type-post status-publish format-standard has-post-thumbnail hentry category-engine category-oils tag-diagnostics tag-suspension\"><a class=\"post-image\" href=\"https:\/\/hasgurcanlar.com.tr\/?p=262\" title=\"Elektronik Direksiyon Tamiri\"><img loading=\"lazy\" decoding=\"async\" width=\"350\" height=\"219\" src=\"https:\/\/hasgurcanlar.com.tr\/wp-content\/uploads\/2015\/04\/direksiyon.jpeg\" class=\"attachment-blog-post-thumb size-blog-post-thumb wp-post-image\" alt=\"Elektronik Direksiyon Tamiri\" title=\"\" srcset=\"https:\/\/hasgurcanlar.com.tr\/wp-content\/uploads\/2015\/04\/direksiyon.jpeg 350w, https:\/\/hasgurcanlar.com.tr\/wp-content\/uploads\/2015\/04\/direksiyon-300x188.jpeg 300w\" sizes=\"auto, (max-width: 350px) 100vw, 350px\" \/><\/a><div class=\"post-content-details-container clearfix\"><ul class=\"post-content-details margin-right-20\"><li>17 Nisan 2015<\/li><li>By <a href=\"https:\/\/hasgurcanlar.com.tr\/?author=1\" title=\"admin\">admin<\/a><\/li><li>In <a class=\"category-5\" href=\"https:\/\/hasgurcanlar.com.tr\/?cat=5\" title=\"View all posts filed under Engine\">Engine<\/a>, <a class=\"category-8\" href=\"https:\/\/hasgurcanlar.com.tr\/?cat=8\" title=\"View all posts filed under Oils\">Oils<\/a><\/li><\/ul><ul class=\"post-content-details right\"><li class=\"template-eye\">304<\/li><li class=\"template-bubble\"><a href=\"https:\/\/hasgurcanlar.com.tr\/?p=262#respond\" title=\"0 comments\">0<\/a><\/li><\/ul><\/div><h3 class=\"box-header\"><a href=\"https:\/\/hasgurcanlar.com.tr\/?p=262\" title=\"Elektronik Direksiyon Tamiri\">Elektronik Direksiyon Tamiri<\/a><\/h3><p>\u00d6ncelikle antifriz ne demek k\u0131saca tan\u0131mlayal\u0131m. Otomobil ve ticari ara\u00e7lar\u0131n motorunda bulunan su molek\u00fcllerinin donmas\u0131n\u0131 ya da mevsim \u015fartlar\u0131na ba\u011fl\u0131 nedenlerden dolay\u0131 a\u015f\u0131r\u0131 \u0131s\u0131nmas\u0131n\u0131 \u00f6nleyen kimyasal kar\u0131\u015f\u0131ma antifriz denir. Antifriz ayn\u0131 zamanda \u0131s\u0131 transferi de yapabilen bir kimyasal kar\u0131\u015f\u0131md\u0131r. Bilinen \u00f6zelli\u011fi ile genelde donmay\u0131 \u00f6nleyen kar\u0131\u015f\u0131m olarak kullan\u0131l\u0131r. Ancak yaln\u0131zca k\u0131\u015f aylar\u0131nda donmay\u0131 \u00f6nlemek \u00fczere kullan\u0131lmaz ayn\u0131 \u015fekilde yaz aylar\u0131nda da kullan\u0131lmas\u0131 gerekir. K\u0131\u015f aylar\u0131nda donmay\u0131 \u00f6nledi\u011fi gibi yaz aylar\u0131nda da a\u015f\u0131r\u0131 \u0131s\u0131nmay\u0131 ve kaynamay\u0131 \u00f6nler. Bu bak\u0131mdan antifriz hem yaz aylar\u0131nda hem k\u0131\u015f aylar\u0131nda kullan\u0131labilir. B\u00f6ylece antifriz yaz\u0131n ne i\u015fe yarar sorusunun da yan\u0131t\u0131n\u0131 vermi\u015f olduk.<\/p>\n<div class=\"vc_row wpb_row vc_row-fluid padding-top-54 padding-bottom-20\"><a title=\"READ MORE\" href=\"https:\/\/hasgurcanlar.com.tr\/?p=262\" class=\"more\"><span>READ MORE<\/span><\/a><\/div><\/li><li class=\" post post-264 type-post status-publish format-standard has-post-thumbnail hentry category-brakes category-heating tag-brakes tag-engine tag-filters\"><a class=\"post-image\" href=\"https:\/\/hasgurcanlar.com.tr\/?p=264\" title=\"Hidrolik Direksiyon Tamiri\"><img loading=\"lazy\" decoding=\"async\" width=\"614\" height=\"407\" src=\"https:\/\/hasgurcanlar.com.tr\/wp-content\/uploads\/2015\/04\/hidrolik.png\" class=\"attachment-blog-post-thumb size-blog-post-thumb wp-post-image\" alt=\"Hidrolik Direksiyon Tamiri\" title=\"\" srcset=\"https:\/\/hasgurcanlar.com.tr\/wp-content\/uploads\/2015\/04\/hidrolik.png 614w, https:\/\/hasgurcanlar.com.tr\/wp-content\/uploads\/2015\/04\/hidrolik-300x199.png 300w, https:\/\/hasgurcanlar.com.tr\/wp-content\/uploads\/2015\/04\/hidrolik-390x260.png 390w, https:\/\/hasgurcanlar.com.tr\/wp-content\/uploads\/2015\/04\/hidrolik-270x180.png 270w\" sizes=\"auto, (max-width: 614px) 100vw, 614px\" \/><\/a><div class=\"post-content-details-container clearfix\"><ul class=\"post-content-details margin-right-20\"><li>12 Nisan 2015<\/li><li>By <a href=\"https:\/\/hasgurcanlar.com.tr\/?author=1\" title=\"admin\">admin<\/a><\/li><li>In <a class=\"category-3\" href=\"https:\/\/hasgurcanlar.com.tr\/?cat=3\" title=\"View all posts filed under Brakes\">Brakes<\/a>, <a class=\"category-7\" href=\"https:\/\/hasgurcanlar.com.tr\/?cat=7\" title=\"View all posts filed under Heating\">Heating<\/a><\/li><\/ul><ul class=\"post-content-details right\"><li class=\"template-eye\">292<\/li><li class=\"template-bubble\"><a href=\"https:\/\/hasgurcanlar.com.tr\/?p=264#respond\" title=\"0 comments\">0<\/a><\/li><\/ul><\/div><h3 class=\"box-header\"><a href=\"https:\/\/hasgurcanlar.com.tr\/?p=264\" title=\"Hidrolik Direksiyon Tamiri\">Hidrolik Direksiyon Tamiri<\/a><\/h3><p>amanla ara\u00e7larda meydana gelebilecek ufak \u00e7apl\u0131 ar\u0131zalar s\u00fcr\u00fcc\u00fcler fark etmeden b\u00fcy\u00fck sorunlara yol a\u00e7abilir. Motorlu ara\u00e7larda \u00f6nemli par\u00e7alar\u0131n belirli aral\u0131klarla kontrol\u00fcn\u00fcn sa\u011flanmas\u0131, gerekli ayarlamalar\u0131n yap\u0131lmas\u0131 ve ar\u0131zal\u0131 yada eskiyen par\u00e7alar\u0131n de\u011fi\u015ftirme i\u015flemlerinin ger\u00e7ekle\u015ftirilmesi gereklidir. Bu i\u015flemlerin t\u00fcm\u00fcne periyodik bak\u0131m denilmektedir.<\/p>\n<div class=\"vc_row wpb_row vc_row-fluid padding-top-54 padding-bottom-20\"><a title=\"READ MORE\" href=\"https:\/\/hasgurcanlar.com.tr\/?p=264\" class=\"more\"><span>READ MORE<\/span><\/a><\/div><\/li><li class=\" post post-613 type-post status-publish format-standard has-post-thumbnail hentry category-belts category-oils tag-brakes tag-oils\"><a class=\"post-image\" href=\"https:\/\/hasgurcanlar.com.tr\/?p=613\" title=\"Direksiyon Pompas\u0131 Tamiri\"><img loading=\"lazy\" decoding=\"async\" width=\"480\" height=\"360\" src=\"https:\/\/hasgurcanlar.com.tr\/wp-content\/uploads\/2015\/03\/pompa.jpeg\" class=\"attachment-blog-post-thumb size-blog-post-thumb wp-post-image\" alt=\"Direksiyon Pompas\u0131 Tamiri\" title=\"\" srcset=\"https:\/\/hasgurcanlar.com.tr\/wp-content\/uploads\/2015\/03\/pompa.jpeg 480w, https:\/\/hasgurcanlar.com.tr\/wp-content\/uploads\/2015\/03\/pompa-300x225.jpeg 300w\" sizes=\"auto, (max-width: 480px) 100vw, 480px\" \/><\/a><div class=\"post-content-details-container clearfix\"><ul class=\"post-content-details margin-right-20\"><li>25 Mart 2015<\/li><li>By <a href=\"https:\/\/hasgurcanlar.com.tr\/?author=1\" title=\"admin\">admin<\/a><\/li><li>In <a class=\"category-2\" href=\"https:\/\/hasgurcanlar.com.tr\/?cat=2\" title=\"View all posts filed under Belts\">Belts<\/a>, <a class=\"category-8\" href=\"https:\/\/hasgurcanlar.com.tr\/?cat=8\" title=\"View all posts filed under Oils\">Oils<\/a><\/li><\/ul><ul class=\"post-content-details right\"><li class=\"template-eye\">186<\/li><li class=\"template-bubble\"><a href=\"https:\/\/hasgurcanlar.com.tr\/?p=613#respond\" title=\"0 comments\">0<\/a><\/li><\/ul><\/div><h3 class=\"box-header\"><a href=\"https:\/\/hasgurcanlar.com.tr\/?p=613\" title=\"Direksiyon Pompas\u0131 Tamiri\">Direksiyon Pompas\u0131 Tamiri<\/a><\/h3><p>Otomobil kullanma keyfini maksimum seviyede hissettiren otomatik vitesli ara\u00e7lar, \u015fehir i\u00e7i kullan\u0131mda pratikli\u011fiyle, uzun yolculuklarda ise yaratt\u0131\u011f\u0131 rahatl\u0131k ile s\u00fcr\u00fcc\u00fcler taraf\u0131ndan s\u0131k\u00e7a tercih ediliyor.<\/p>\n<div class=\"vc_row wpb_row vc_row-fluid padding-top-54 padding-bottom-20\"><a title=\"READ MORE\" href=\"https:\/\/hasgurcanlar.com.tr\/?p=613\" class=\"more\"><span>READ MORE<\/span><\/a><\/div><\/li><\/ul><\/div><ul class='pagination clearfix page-margin-top'><li class='selected'><span>1<\/span><\/li><li><a href='https:\/\/hasgurcanlar.com.tr\/index.php?rest_route=%2Fwp%2Fv2%2Fpages%2F236&#038;paged=2'>2<\/a><\/li><li><a href='https:\/\/hasgurcanlar.com.tr\/index.php?rest_route=%2Fwp%2Fv2%2Fpages%2F236&#038;paged=3'>3<\/a><\/li><\/ul>[\/vc_column][vc_column type=&#8221;cs-smart-column&#8221; width=&#8221;1\/4&#8243;]<div class=\"call-to-action\"><div class=\"hexagon small\"><div class=\"sl-small-percent\"><\/div><\/div><h4>ONLINE APPOINTMENT<\/h4><p class=\"description\">Book your appointment now and get $5 discount.<\/p><a class=\"more\" href=\"#\" title=\"MAKE APPOINTMENT\"><span>MAKE APPOINTMENT<\/span><\/a><\/div><h6 class=\" box-header page-margin-top\">LATEST POSTS<\/h6><div class=\"vc_row wpb_row vc_row-fluid\"><ul class=\"blog clearfix small margin-top-30\"><li class=\"small post post-262 type-post status-publish format-standard has-post-thumbnail hentry category-engine category-oils tag-diagnostics tag-suspension\"><a class=\"post-image\" href=\"https:\/\/hasgurcanlar.com.tr\/?p=262\" title=\"Elektronik Direksiyon Tamiri\"><img loading=\"lazy\" decoding=\"async\" width=\"90\" height=\"90\" src=\"https:\/\/hasgurcanlar.com.tr\/wp-content\/uploads\/2015\/04\/direksiyon-90x90.jpeg\" class=\"attachment-tiny-thumb size-tiny-thumb wp-post-image\" alt=\"Elektronik Direksiyon Tamiri\" title=\"\" srcset=\"https:\/\/hasgurcanlar.com.tr\/wp-content\/uploads\/2015\/04\/direksiyon-90x90.jpeg 90w, https:\/\/hasgurcanlar.com.tr\/wp-content\/uploads\/2015\/04\/direksiyon-150x150.jpeg 150w\" sizes=\"auto, (max-width: 90px) 100vw, 90px\" \/><\/a><div class=\"post-content\"><a href=\"https:\/\/hasgurcanlar.com.tr\/?p=262\" title=\"Elektronik Direksiyon Tamiri\">Elektronik Direksiyon Tamiri<\/a><ul class=\"post-content-details\"><li>17 Nisan 2015<\/li><\/ul><\/div><\/li><li class=\"small post post-264 type-post status-publish format-standard has-post-thumbnail hentry category-brakes category-heating tag-brakes tag-engine tag-filters\"><a class=\"post-image\" href=\"https:\/\/hasgurcanlar.com.tr\/?p=264\" title=\"Hidrolik Direksiyon Tamiri\"><img loading=\"lazy\" decoding=\"async\" width=\"90\" height=\"90\" src=\"https:\/\/hasgurcanlar.com.tr\/wp-content\/uploads\/2015\/04\/hidrolik-90x90.png\" class=\"attachment-tiny-thumb size-tiny-thumb wp-post-image\" alt=\"Hidrolik Direksiyon Tamiri\" title=\"\" srcset=\"https:\/\/hasgurcanlar.com.tr\/wp-content\/uploads\/2015\/04\/hidrolik-90x90.png 90w, https:\/\/hasgurcanlar.com.tr\/wp-content\/uploads\/2015\/04\/hidrolik-150x150.png 150w\" sizes=\"auto, (max-width: 90px) 100vw, 90px\" \/><\/a><div class=\"post-content\"><a href=\"https:\/\/hasgurcanlar.com.tr\/?p=264\" title=\"Hidrolik Direksiyon Tamiri\">Hidrolik Direksiyon Tamiri<\/a><ul class=\"post-content-details\"><li>12 Nisan 2015<\/li><\/ul><\/div><\/li><li class=\"small post post-613 type-post status-publish format-standard has-post-thumbnail hentry category-belts category-oils tag-brakes tag-oils\"><a class=\"post-image\" href=\"https:\/\/hasgurcanlar.com.tr\/?p=613\" title=\"Direksiyon Pompas\u0131 Tamiri\"><img loading=\"lazy\" decoding=\"async\" width=\"90\" height=\"90\" src=\"https:\/\/hasgurcanlar.com.tr\/wp-content\/uploads\/2015\/03\/pompa-90x90.jpeg\" class=\"attachment-tiny-thumb size-tiny-thumb wp-post-image\" alt=\"Direksiyon Pompas\u0131 Tamiri\" title=\"\" srcset=\"https:\/\/hasgurcanlar.com.tr\/wp-content\/uploads\/2015\/03\/pompa-90x90.jpeg 90w, https:\/\/hasgurcanlar.com.tr\/wp-content\/uploads\/2015\/03\/pompa-150x150.jpeg 150w\" sizes=\"auto, (max-width: 90px) 100vw, 90px\" \/><\/a><div class=\"post-content\"><a href=\"https:\/\/hasgurcanlar.com.tr\/?p=613\" title=\"Direksiyon Pompas\u0131 Tamiri\">Direksiyon Pompas\u0131 Tamiri<\/a><ul class=\"post-content-details\"><li>25 Mart 2015<\/li><\/ul><\/div><\/li><\/ul><\/div><h6 class=\" box-header page-margin-top\">MOST VIEWED<\/h6><div class=\"vc_row wpb_row vc_row-fluid\"><ul class=\"blog clearfix small margin-top-30\"><li class=\"small post post-262 type-post status-publish format-standard has-post-thumbnail hentry category-engine category-oils tag-diagnostics tag-suspension\"><a class=\"post-image\" href=\"https:\/\/hasgurcanlar.com.tr\/?p=262\" title=\"Elektronik Direksiyon Tamiri\"><img loading=\"lazy\" decoding=\"async\" width=\"90\" height=\"90\" src=\"https:\/\/hasgurcanlar.com.tr\/wp-content\/uploads\/2015\/04\/direksiyon-90x90.jpeg\" class=\"attachment-tiny-thumb size-tiny-thumb wp-post-image\" alt=\"Elektronik Direksiyon Tamiri\" title=\"\" srcset=\"https:\/\/hasgurcanlar.com.tr\/wp-content\/uploads\/2015\/04\/direksiyon-90x90.jpeg 90w, https:\/\/hasgurcanlar.com.tr\/wp-content\/uploads\/2015\/04\/direksiyon-150x150.jpeg 150w\" sizes=\"auto, (max-width: 90px) 100vw, 90px\" \/><\/a><div class=\"post-content\"><a href=\"https:\/\/hasgurcanlar.com.tr\/?p=262\" title=\"Elektronik Direksiyon Tamiri\">Elektronik Direksiyon Tamiri<\/a><ul class=\"post-content-details float\"><li>304 views<\/li><\/ul><\/div><\/li><li class=\"small post post-264 type-post status-publish format-standard has-post-thumbnail hentry category-brakes category-heating tag-brakes tag-engine tag-filters\"><a class=\"post-image\" href=\"https:\/\/hasgurcanlar.com.tr\/?p=264\" title=\"Hidrolik Direksiyon Tamiri\"><img loading=\"lazy\" decoding=\"async\" width=\"90\" height=\"90\" src=\"https:\/\/hasgurcanlar.com.tr\/wp-content\/uploads\/2015\/04\/hidrolik-90x90.png\" class=\"attachment-tiny-thumb size-tiny-thumb wp-post-image\" alt=\"Hidrolik Direksiyon Tamiri\" title=\"\" srcset=\"https:\/\/hasgurcanlar.com.tr\/wp-content\/uploads\/2015\/04\/hidrolik-90x90.png 90w, https:\/\/hasgurcanlar.com.tr\/wp-content\/uploads\/2015\/04\/hidrolik-150x150.png 150w\" sizes=\"auto, (max-width: 90px) 100vw, 90px\" \/><\/a><div class=\"post-content\"><a href=\"https:\/\/hasgurcanlar.com.tr\/?p=264\" title=\"Hidrolik Direksiyon Tamiri\">Hidrolik Direksiyon Tamiri<\/a><ul class=\"post-content-details float\"><li>292 views<\/li><\/ul><\/div><\/li><li class=\"small post post-619 type-post status-publish format-standard has-post-thumbnail hentry category-diagnostics category-tires tag-steering tag-transmission\"><a class=\"post-image\" href=\"https:\/\/hasgurcanlar.com.tr\/?p=619\" title=\"Direksiyon Kutusu Tamiri\"><img loading=\"lazy\" decoding=\"async\" width=\"90\" height=\"90\" src=\"https:\/\/hasgurcanlar.com.tr\/wp-content\/uploads\/2015\/01\/direksiyonkutussu-90x90.jpeg\" class=\"attachment-tiny-thumb size-tiny-thumb wp-post-image\" alt=\"Direksiyon Kutusu Tamiri\" title=\"\" srcset=\"https:\/\/hasgurcanlar.com.tr\/wp-content\/uploads\/2015\/01\/direksiyonkutussu-90x90.jpeg 90w, https:\/\/hasgurcanlar.com.tr\/wp-content\/uploads\/2015\/01\/direksiyonkutussu-150x150.jpeg 150w\" sizes=\"auto, (max-width: 90px) 100vw, 90px\" \/><\/a><div class=\"post-content\"><a href=\"https:\/\/hasgurcanlar.com.tr\/?p=619\" title=\"Direksiyon Kutusu Tamiri\">Direksiyon Kutusu Tamiri<\/a><ul class=\"post-content-details float\"><li>213 views<\/li><\/ul><\/div><\/li><\/ul><\/div><h6 class=\" box-header page-margin-top\">TEXT WIDGET<\/h6>[vc_wp_text el_class=&#8221;margin-top-24&#8243;]Here is a text widget settings ipsum lore tora dolor sit amet velum. Maecenas est velum, gravida <a href=\"#\">vehicula dolor<\/a>[\/vc_wp_text][vc_wp_categories title=&#8221;CATEGORIES&#8221; el_class=&#8221;page-margin-top clearfix&#8221;][vc_wp_archives title=&#8221;ARCHIVES&#8221; options=&#8221;count&#8221; el_class=&#8221;page-margin-top full-width clearfix&#8221;][vc_wp_tagcloud title=&#8221;TAGS&#8221; taxonomy=&#8221;post_tag&#8221; el_class=&#8221;page-margin-top clearfix&#8221;][\/vc_column][\/vc_row]<\/p>\n","protected":false},"excerpt":{"rendered":"<p>[vc_row el_class=&#8221;margin-top-70&#8243;][vc_column width=&#8221;3\/4&#8243;][\/vc_column][vc_column type=&#8221;cs-smart-column&#8221; width=&#8221;1\/4&#8243;][vc_wp_text el_class=&#8221;margin-top-24&#8243;]Here is a text widget settings ipsum lore tora dolor sit amet velum. Maecenas est velum, gravida vehicula dolor[\/vc_wp_text][vc_wp_categories title=&#8221;CATEGORIES&#8221; el_class=&#8221;page-margin-top clearfix&#8221;][vc_wp_archives title=&#8221;ARCHIVES&#8221; options=&#8221;count&#8221; el_class=&#8221;page-margin-top full-width clearfix&#8221;][vc_wp_tagcloud title=&#8221;TAGS&#8221; taxonomy=&#8221;post_tag&#8221; el_class=&#8221;page-margin-top clearfix&#8221;][\/vc_column][\/vc_row]<\/p>\n","protected":false},"author":1,"featured_media":0,"parent":0,"menu_order":0,"comment_status":"open","ping_status":"open","template":"template-blog.php","meta":{"footnotes":""},"class_list":["post-236","page","type-page","status-publish","hentry"],"_links":{"self":[{"href":"https:\/\/hasgurcanlar.com.tr\/index.php?rest_route=\/wp\/v2\/pages\/236","targetHints":{"allow":["GET"]}}],"collection":[{"href":"https:\/\/hasgurcanlar.com.tr\/index.php?rest_route=\/wp\/v2\/pages"}],"about":[{"href":"https:\/\/hasgurcanlar.com.tr\/index.php?rest_route=\/wp\/v2\/types\/page"}],"author":[{"embeddable":true,"href":"https:\/\/hasgurcanlar.com.tr\/index.php?rest_route=\/wp\/v2\/users\/1"}],"replies":[{"embeddable":true,"href":"https:\/\/hasgurcanlar.com.tr\/index.php?rest_route=%2Fwp%2Fv2%2Fcomments&post=236"}],"version-history":[{"count":0,"href":"https:\/\/hasgurcanlar.com.tr\/index.php?rest_route=\/wp\/v2\/pages\/236\/revisions"}],"wp:attachment":[{"href":"https:\/\/hasgurcanlar.com.tr\/index.php?rest_route=%2Fwp%2Fv2%2Fmedia&parent=236"}],"curies":[{"name":"wp","href":"https:\/\/api.w.org\/{rel}","templated":true}]}}