{"id":203,"date":"2015-05-25T12:55:10","date_gmt":"2015-05-25T12:55:10","guid":{"rendered":"http:\/\/quanticalabs.com\/wptest\/carservice\/?page_id=203"},"modified":"2022-05-24T22:22:42","modified_gmt":"2022-05-24T19:22:42","slug":"hakkimizda","status":"publish","type":"page","link":"https:\/\/hasgurcanlar.com.tr\/?page_id=203","title":{"rendered":"Hakk\u0131m\u0131zda"},"content":{"rendered":"<p>[vc_row el_class=&#8221;margin-top-70&#8243;][vc_column width=&#8221;1\/2&#8243;][vc_column_text el_class=&#8221;description margin-top-0&#8243;]<span class=\"xr_tl xr_s32\">37 y\u0131ll\u0131k \u00f6zel servis tecr\u00fcbemizle \u0130zmir`de siz de\u011ferli m\u00fc\u015fterilerimize <\/span><span class=\"xr_tl xr_s32\">hizmet veriyoruz. Deneyimli kadromuzla en son Teknolojik geli\u015fmeleri takip <\/span><span class=\"xr_tl xr_s32\">ederek kendini geli\u015ftiren, m\u00fc\u015fteri memnuniyetini kendine ilke edinen, kendi <\/span><span class=\"xr_tl xr_s32\">alan\u0131nda iddal\u0131 olan bir Firmay\u0131z.<\/span>[\/vc_column_text][vc_column_text]<span class=\"xr_tl xr_s32\">At\u00f6lyemizde hizmet esnas\u0131nda ve sonras\u0131nda m\u00fc\u015fterimizi zor durumda <\/span><span class=\"xr_tl xr_s32\">b\u0131rakmayacak \u015fekilde <span class=\"xr_s42\">Garantili<\/span> \u00e7al\u0131\u015f\u0131yoruz. Depolar\u0131m\u0131zda bol orjinal ve <\/span><span class=\"xr_tl xr_s32\">yedek par\u00e7alarla siz de\u011ferli m\u00fc\u015fterilerimize en kaliteli hizmeti sunmaya <\/span><span class=\"xr_tl xr_s32\">\u00e7al\u0131\u015f\u0131yoruz.<\/span><span class=\"xr_tl xr_s32\"> Ara\u00e7 aks ve aks par\u00e7alar\u0131 \u2018d\u0131\u015f kafa, i\u00e7 lale, mafsal, i\u00e7 ve d\u0131\u015f k\u00f6r\u00fck vb.\u2018 <\/span><span class=\"xr_tl xr_s32\">her hangi bir ar\u0131za durumunda orjinal par\u00e7as\u0131n\u0131 tamir ediyoruz. B\u00f6ylece <\/span><span class=\"xr_tl xr_s32\">yedek par\u00e7a aramaktan ve y\u00fcksek \u00fccret \u00f6demekten kurtulup, arac\u0131n\u0131z\u0131n da <\/span><span class=\"xr_tl xr_s32\">orijinalli\u011fini korumu\u015f oluyorsunuz.<\/span>[\/vc_column_text][\/vc_column][vc_column width=&#8221;1\/2&#8243;][vc_single_image image=&#8221;922&#8243; img_size=&#8221;gallery-thumb&#8221; onclick=&#8221;img_link_large&#8221; el_class=&#8221;cs-lightbox&#8221;][vc_row_inner el_class=&#8221;margin-top-30&#8243;][vc_column_inner width=&#8221;1\/2&#8243;][vc_single_image image=&#8221;1771&#8243; img_size=&#8221;medium-thumb&#8221; onclick=&#8221;img_link_large&#8221; el_class=&#8221;cs-lightbox&#8221;][\/vc_column_inner][vc_column_inner width=&#8221;1\/2&#8243;][vc_single_image image=&#8221;1772&#8243; img_size=&#8221;medium-thumb&#8221; onclick=&#8221;img_link_large&#8221; el_class=&#8221;cs-lightbox&#8221;][\/vc_column_inner][\/vc_row_inner][\/vc_column][\/vc_row][vc_row][vc_column top_margin=&#8221;page-margin-top-section&#8221;][\/vc_column][\/vc_row]<\/p>\n","protected":false},"excerpt":{"rendered":"<p>[vc_row el_class=&#8221;margin-top-70&#8243;][vc_column width=&#8221;1\/2&#8243;][vc_column_text el_class=&#8221;description margin-top-0&#8243;]37 y\u0131ll\u0131k \u00f6zel servis tecr\u00fcbemizle \u0130zmir`de siz de\u011ferli m\u00fc\u015fterilerimize hizmet veriyoruz. Deneyimli kadromuzla en son Teknolojik geli\u015fmeleri takip ederek kendini geli\u015ftiren, m\u00fc\u015fteri memnuniyetini kendine ilke edinen, kendi alan\u0131nda iddal\u0131 olan bir Firmay\u0131z.[\/vc_column_text][vc_column_text]At\u00f6lyemizde hizmet esnas\u0131nda ve sonras\u0131nda m\u00fc\u015fterimizi zor durumda b\u0131rakmayacak \u015fekilde Garantili \u00e7al\u0131\u015f\u0131yoruz. Depolar\u0131m\u0131zda bol orjinal ve yedek par\u00e7alarla siz de\u011ferli<\/p>\n","protected":false},"author":1,"featured_media":0,"parent":0,"menu_order":0,"comment_status":"closed","ping_status":"open","template":"","meta":{"footnotes":""},"class_list":["post-203","page","type-page","status-publish","hentry"],"_links":{"self":[{"href":"https:\/\/hasgurcanlar.com.tr\/index.php?rest_route=\/wp\/v2\/pages\/203","targetHints":{"allow":["GET"]}}],"collection":[{"href":"https:\/\/hasgurcanlar.com.tr\/index.php?rest_route=\/wp\/v2\/pages"}],"about":[{"href":"https:\/\/hasgurcanlar.com.tr\/index.php?rest_route=\/wp\/v2\/types\/page"}],"author":[{"embeddable":true,"href":"https:\/\/hasgurcanlar.com.tr\/index.php?rest_route=\/wp\/v2\/users\/1"}],"replies":[{"embeddable":true,"href":"https:\/\/hasgurcanlar.com.tr\/index.php?rest_route=%2Fwp%2Fv2%2Fcomments&post=203"}],"version-history":[{"count":10,"href":"https:\/\/hasgurcanlar.com.tr\/index.php?rest_route=\/wp\/v2\/pages\/203\/revisions"}],"predecessor-version":[{"id":1833,"href":"https:\/\/hasgurcanlar.com.tr\/index.php?rest_route=\/wp\/v2\/pages\/203\/revisions\/1833"}],"wp:attachment":[{"href":"https:\/\/hasgurcanlar.com.tr\/index.php?rest_route=%2Fwp%2Fv2%2Fmedia&parent=203"}],"curies":[{"name":"wp","href":"https:\/\/api.w.org\/{rel}","templated":true}]}}