{"id":1125,"date":"2015-05-08T13:22:48","date_gmt":"2015-05-08T13:22:48","guid":{"rendered":"http:\/\/quanticalabs.com\/wptest\/carservice\/?page_id=4"},"modified":"2022-05-26T11:33:04","modified_gmt":"2022-05-26T08:33:04","slug":"home","status":"publish","type":"page","link":"https:\/\/hasgurcanlar.com.tr\/","title":{"rendered":"Anasayfa"},"content":{"rendered":"<p>[vc_row type=&#8221;full-width&#8221;][vc_column][rev_slider_vc alias=&#8221;main&#8221;][\/vc_column][\/vc_row][vc_row type=&#8221;full-width&#8221; css=&#8221;.vc_custom_1439892689981{background-color: #f5f5f5 !important;}&#8221;][vc_column][\/vc_column][\/vc_row][vc_row top_margin=&#8221;page-margin-top-section&#8221;][vc_column]<h2 class=\" box-header\">Neden Bizi Tercih Etmelisiniz?<\/h2>[vc_column_text el_class=&#8221;description align-center&#8221;]Neden biz tercih etmelisiniz \u00c7\u00fcnk\u00fc ;Odak noktam\u0131z her zaman daha \u00e7ok i\u015f yapmak de\u011fil, daha \u00e7ok memnuniyet sa\u011flamakt\u0131r.\u00a0E\u011fer ortada bir m\u00fc\u015fteri yoksa, \u00fczg\u00fcn\u00fcz ama ortada ba\u015flayacak ve s\u00fcrd\u00fcr\u00fclecek bir i\u015f de yok demektir. Gayet a\u00e7\u0131k, i\u015finizin temelde amac\u0131 m\u00fc\u015fterilerinizin taleplerine kar\u015f\u0131l\u0131k vermek ve onlar\u0131n ihtiya\u00e7lar\u0131n\u0131 kar\u015f\u0131lamak olmal\u0131d\u0131r. \u0130\u015fte bu y\u00fczden daha \u00f6nce de s\u00f6yledi\u011fimiz gibi ; M\u00fc\u015fteri memnuniyeti en \u00f6nemli hususumuzdur.[\/vc_column_text][vc_row_inner top_margin=&#8221;page-margin-top&#8221;][vc_column_inner width=&#8221;1\/3&#8243;]<div class=\"feature-item feature-item-big\"><div class=\"hexagon\"><div class=\"sl-small-user-chat\"><\/div><\/div><h4 class=\"box-header\">PROFESYONEL EK\u0130P<\/h4><p>Bekledi\u011finiz kaliteyi, g\u00fcveni daha ki\u015fisel ve samimi bir atmosferde bulmak istiyorsan\u0131z, onu buldunuz.<\/p><\/div>[\/vc_column_inner][vc_column_inner width=&#8221;1\/3&#8243;]<div class=\"feature-item feature-item-big\"><div class=\"hexagon\"><div class=\"sl-small-wrench-screwdriver\"><\/div><\/div><h4 class=\"box-header\">EN \u0130Y\u0130 EK\u0130PMANLAR<\/h4><p>Sizin i\u00e7in en iyisini, son teknoloji \u00fcr\u00fcnler ile size sunuyoruz.<\/p><\/div>[\/vc_column_inner][vc_column_inner width=&#8221;1\/3&#8243;]<div class=\"feature-item feature-item-big\"><div class=\"hexagon\"><div class=\"sl-small-truck-tow\"><\/div><\/div><h4 class=\"box-header\">PROFESYONELL\u0130K<\/h4><p>Sadece sorununuzu \u00e7\u00f6zmek i\u00e7in gereken i\u015fi yap\u0131yoruz.<\/p><\/div>[\/vc_column_inner][\/vc_row_inner][\/vc_column][\/vc_row][vc_row type=&#8221;full-width&#8221; top_margin=&#8221;page-margin-top-section&#8221; el_class=&#8221;flex-box&#8221; css=&#8221;.vc_custom_1653302479814{background-color: #f5f5f5 !important;}&#8221;][vc_column width=&#8221;1\/2&#8243; css=&#8221;.vc_custom_1653302451609{background-image: url(https:\/\/hasgurcanlar.com.tr\/wp-content\/uploads\/2015\/08\/67A6274.png?id=1824) !important;}&#8221;][vc_single_image image=&#8221;1824&#8243; img_size=&#8221;large-thumb&#8221; el_class=&#8221;flex-hide&#8221;][\/vc_column][vc_column width=&#8221;1\/2&#8243; el_class=&#8221;padding-left-right-100 padding-bottom-66&#8243;]<h2 class=\" box-header page-margin-top-section\">SERV\u0130SLER\u0130M\u0130Z<\/h2>[vc_column_text el_class=&#8221;description align-center&#8221;]Her t\u00fcrl\u00fc ara\u00e7 i\u00e7in birinci s\u0131n\u0131f bak\u0131m hizmeti veriyoruz.[\/vc_column_text][vc_row_inner css=&#8221;.vc_custom_1439977887316{margin-top: 30px !important;}&#8221;][vc_column_inner width=&#8221;1\/2&#8243;]<ul class=\"list\"><\/p>\n<div>\n<div><li class=\"template-bullet \"><span>EPS &#8211; Elektrikli Direksiyon Tamiri<\/span><\/li><li class=\"template-bullet \" style=\"color:CCCCCC;\"><span style=\"color: CCCCCC;\">Hidrolik Direksiyon Tamiri<\/span><\/li><li class=\"template-bullet \"><span>Elektrikli Pompa Tamiri<\/span><\/li><li class=\"template-bullet \"><span>Hidrolik Power Tamiri<\/span><\/li><li class=\"template-bullet \"><span>Direksiyon Kutusu Tamiri<\/span><\/li><\/div>\n<\/div>\n<p><\/ul><ul class=\"list\"><\/ul>[\/vc_column_inner][vc_column_inner width=&#8221;1\/2&#8243;]<ul class=\"list\"><\/p>\n<div>\n<div><li class=\"template-bullet \"><span>End\u00fcstriyel Balans<\/span><\/li><li class=\"template-bullet \" style=\"color:CCCCCC;\"><span style=\"color: CCCCCC;\">Aks Tamiri<\/span><\/li><li class=\"template-bullet \"><span>Dingil<\/span><\/li><li class=\"template-bullet \"><span>Travers<\/span><\/li><li class=\"template-bullet \"><span>Kovan Do\u011frultma<\/span><\/li><li class=\"template-bullet \"><span>\u015eaft Tamiri<\/span><\/li><\/div>\n<\/div>\n<p><\/ul>[\/vc_column_inner][\/vc_row_inner][\/vc_column][\/vc_row][vc_row top_margin=&#8221;page-margin-top-section&#8221;][vc_column]<h2 class=\" box-header\">SERV\u0130SLER\u0130M\u0130Z<\/h2>[vc_column_text el_class=&#8221;description align-center&#8221;]\u0130zmir b\u00f6lgesinde bulunan ara\u00e7 sahiplerine eksiksiz bir garaj hizmetleri yelpazesi sunuyoruz. Profesyonel ekibimiz, sizin i\u00e7in daima haz\u0131r[\/vc_column_text]<ul class=\"services-list clearfix page-margin-top\"><li class=\"vc_row wpb_row vc_row-fluid\"><ul><li><a href=\"https:\/\/hasgurcanlar.com.tr\/?ql_services=hidrolik-direksiyon-tamiri\" title=\"Hidrolik Direksiyon Tamiri\"><img loading=\"lazy\" decoding=\"async\" width=\"390\" height=\"260\" src=\"https:\/\/hasgurcanlar.com.tr\/wp-content\/uploads\/2015\/05\/Adsiz-tasarim-3-390x260.png\" class=\"attachment-medium-thumb size-medium-thumb wp-post-image\" alt=\"Hidrolik Direksiyon Tamiri\" title=\"\" srcset=\"https:\/\/hasgurcanlar.com.tr\/wp-content\/uploads\/2015\/05\/Adsiz-tasarim-3-390x260.png 390w, https:\/\/hasgurcanlar.com.tr\/wp-content\/uploads\/2015\/05\/Adsiz-tasarim-3-870x580.png 870w, https:\/\/hasgurcanlar.com.tr\/wp-content\/uploads\/2015\/05\/Adsiz-tasarim-3-570x380.png 570w, https:\/\/hasgurcanlar.com.tr\/wp-content\/uploads\/2015\/05\/Adsiz-tasarim-3-480x320.png 480w, https:\/\/hasgurcanlar.com.tr\/wp-content\/uploads\/2015\/05\/Adsiz-tasarim-3-270x180.png 270w\" sizes=\"auto, (max-width: 390px) 100vw, 390px\" \/><\/a><h4 class=\"box-header\"><a href=\"https:\/\/hasgurcanlar.com.tr\/?ql_services=hidrolik-direksiyon-tamiri\" title=\"Hidrolik Direksiyon Tamiri\">Hidrolik Direksiyon Tamiri<\/a><\/h4><\/li><li><a href=\"https:\/\/hasgurcanlar.com.tr\/?ql_services=dingil-travelz-kovan-dogrultma\" title=\"Dingil Travelz Kovan Do\u011frultma\"><img loading=\"lazy\" decoding=\"async\" width=\"390\" height=\"260\" src=\"https:\/\/hasgurcanlar.com.tr\/wp-content\/uploads\/2015\/05\/67A6166-390x260.png\" class=\"attachment-medium-thumb size-medium-thumb wp-post-image\" alt=\"Dingil Travelz Kovan Do\u011frultma\" title=\"\" srcset=\"https:\/\/hasgurcanlar.com.tr\/wp-content\/uploads\/2015\/05\/67A6166-390x260.png 390w, https:\/\/hasgurcanlar.com.tr\/wp-content\/uploads\/2015\/05\/67A6166-870x580.png 870w, https:\/\/hasgurcanlar.com.tr\/wp-content\/uploads\/2015\/05\/67A6166-570x380.png 570w, https:\/\/hasgurcanlar.com.tr\/wp-content\/uploads\/2015\/05\/67A6166-480x320.png 480w, https:\/\/hasgurcanlar.com.tr\/wp-content\/uploads\/2015\/05\/67A6166-270x180.png 270w\" sizes=\"auto, (max-width: 390px) 100vw, 390px\" \/><\/a><h4 class=\"box-header\"><a href=\"https:\/\/hasgurcanlar.com.tr\/?ql_services=dingil-travelz-kovan-dogrultma\" title=\"Dingil Travelz Kovan Do\u011frultma\">Dingil Travelz Kovan Do\u011frultma<\/a><\/h4><\/li><li><a href=\"https:\/\/hasgurcanlar.com.tr\/?ql_services=saft-tamiri\" title=\"\u015eaft Tamiri\"><img loading=\"lazy\" decoding=\"async\" width=\"390\" height=\"260\" src=\"https:\/\/hasgurcanlar.com.tr\/wp-content\/uploads\/2015\/05\/saft-390x260.jpeg\" class=\"attachment-medium-thumb size-medium-thumb wp-post-image\" alt=\"\u015eaft Tamiri\" title=\"\" srcset=\"https:\/\/hasgurcanlar.com.tr\/wp-content\/uploads\/2015\/05\/saft-390x260.jpeg 390w, https:\/\/hasgurcanlar.com.tr\/wp-content\/uploads\/2015\/05\/saft-870x580.jpeg 870w, https:\/\/hasgurcanlar.com.tr\/wp-content\/uploads\/2015\/05\/saft-570x380.jpeg 570w, https:\/\/hasgurcanlar.com.tr\/wp-content\/uploads\/2015\/05\/saft-480x320.jpeg 480w, https:\/\/hasgurcanlar.com.tr\/wp-content\/uploads\/2015\/05\/saft-270x180.jpeg 270w\" sizes=\"auto, (max-width: 390px) 100vw, 390px\" \/><\/a><h4 class=\"box-header\"><a href=\"https:\/\/hasgurcanlar.com.tr\/?ql_services=saft-tamiri\" title=\"\u015eaft Tamiri\">\u015eaft Tamiri<\/a><\/h4><\/li><\/ul><\/li><\/ul>[\/vc_column][\/vc_row][vc_row top_margin=&#8221;page-margin-top-section&#8221;][vc_column]<h2 class=\" box-header\">Neler Yap\u0131yoruz ?<\/h2>[vc_column_text el_class=&#8221;description align-center&#8221;][\/vc_column_text][vc_row_inner top_margin=&#8221;page-margin-top-section&#8221;][vc_column_inner width=&#8221;1\/3&#8243;]<div class=\"feature-item\"><h5>Eps Elektrikli Direksiyon<\/h5><div class=\"icon sl-small-steering-wheel\"><\/div><p>Eps Elektrikli Direksiyon<\/p><\/div><div class=\"feature-item\"><h5>7\/24 Servis<\/h5><div class=\"icon sl-small-service-24h\"><\/div><p>7\/24 Servis<\/p><\/div>[\/vc_column_inner][vc_column_inner width=&#8221;1\/3&#8243;]<div class=\"feature-item\"><h5>Hidrolik Direksiyon<\/h5><div class=\"icon sl-small-steering-wheel\"><\/div><p>Hidrolik Direksiyon<\/p><\/div><div class=\"feature-item\"><h5>Arac\u0131n\u0131za \u00f6zel yaz\u0131l\u0131m<\/h5><div class=\"icon sl-small-car-setting\"><\/div><p>Arac\u0131n\u0131za \u00f6zel yaz\u0131l\u0131m<\/p><\/div>[\/vc_column_inner][vc_column_inner width=&#8221;1\/3&#8243;]<div class=\"feature-item\"><h5>Direksiyon Kutusu Tamiri<\/h5><div class=\"icon sl-small-steering-wheel\"><\/div><p>Direksiyon Kutusu Tamiri<\/p><\/div><div class=\"feature-item\"><h5>Hidrolik Power Tamiri<\/h5><div class=\"icon sl-small-tunning\"><\/div><p>Hidrolik Power Tamiri<\/p><\/div>[\/vc_column_inner][\/vc_row_inner][vc_row_inner top_margin=&#8221;page-margin-top-section&#8221;][vc_column_inner width=&#8221;1\/3&#8243;]<div class=\"feature-item\"><h5>End\u00fcstriyel Balans<\/h5><div class=\"icon sl-small-car-wheel\"><\/div><p><\/p>\n<div class=\"page\" title=\"Page 1\">\n<div class=\"section\">\n<div class=\"layoutArea\">\n<div class=\"column\">\n<p>End\u00fcstriyel Balans<\/p>\n<\/div>\n<\/div>\n<\/div>\n<\/div>\n<p><\/p><\/div><div class=\"feature-item\"><h5>Dingil Kovan Do\u011frultma<\/h5><div class=\"icon sl-small-windshield\"><\/div><p><\/p>\n<div class=\"page\" title=\"Page 1\">\n<div class=\"section\">\n<div class=\"layoutArea\">\n<div class=\"column\">\n<p>Dingil Kovan Do\u011frultma<\/p>\n<\/div>\n<\/div>\n<\/div>\n<\/div>\n<p><\/p><\/div>[\/vc_column_inner][vc_column_inner width=&#8221;1\/3&#8243;]<div class=\"feature-item\"><h5>Elektrikli Pompa Tamiri<\/h5><div class=\"icon sl-small-inflator-pump\"><\/div><p><\/p>\n<div class=\"page\" title=\"Page 1\">\n<div class=\"section\">\n<div class=\"layoutArea\">\n<div class=\"column\">\n<p>Elektrikli Pompa Tamiri<\/p>\n<\/div>\n<\/div>\n<\/div>\n<\/div>\n<p><\/p><\/div><div class=\"feature-item\"><h5>Aks Tamir<\/h5><div class=\"icon sl-small-car-fix\"><\/div><p><\/p>\n<div class=\"page\" title=\"Page 1\">\n<div class=\"section\">\n<div class=\"layoutArea\">\n<div class=\"column\">\n<p>Aks Tamir<\/p>\n<\/div>\n<\/div>\n<\/div>\n<\/div>\n<p><\/p><\/div>[\/vc_column_inner][vc_column_inner width=&#8221;1\/3&#8243;]<div class=\"feature-item\"><h5>Travers Do\u011frultma<\/h5><div class=\"icon sl-small-car-fix\"><\/div><p><\/p>\n<div class=\"page\" title=\"Page 1\">\n<div class=\"section\">\n<div class=\"layoutArea\">\n<div class=\"column\">\n<p>Travers Do\u011frultma<\/p>\n<\/div>\n<\/div>\n<\/div>\n<\/div>\n<p><\/p><\/div><div class=\"feature-item\"><h5>\u015eaft Balans<\/h5><div class=\"icon sl-small-caution-fence\"><\/div><p><\/p>\n<div class=\"page\" title=\"Page 1\">\n<div class=\"section\">\n<div class=\"layoutArea\">\n<div class=\"column\">\n<p>\u015eaft Balans<\/p>\n<\/div>\n<\/div>\n<\/div>\n<\/div>\n<p><\/p><\/div>[\/vc_column_inner][\/vc_row_inner][\/vc_column][\/vc_row][vc_row type=&#8221;full-width&#8221; top_margin=&#8221;page-margin-top-section&#8221;][vc_column]<ul class=\"galleries-list clearfix\"><li><a href=\"https:\/\/hasgurcanlar.com.tr\/?ql_galleries=lube-services\" title=\"\"><img loading=\"lazy\" decoding=\"async\" width=\"480\" height=\"320\" src=\"https:\/\/hasgurcanlar.com.tr\/wp-content\/uploads\/2015\/08\/67A6166-480x320.png\" class=\"attachment-big-thumb size-big-thumb wp-post-image\" alt=\"\" title=\"\" srcset=\"https:\/\/hasgurcanlar.com.tr\/wp-content\/uploads\/2015\/08\/67A6166-480x320.png 480w, https:\/\/hasgurcanlar.com.tr\/wp-content\/uploads\/2015\/08\/67A6166-870x580.png 870w, https:\/\/hasgurcanlar.com.tr\/wp-content\/uploads\/2015\/08\/67A6166-570x380.png 570w, https:\/\/hasgurcanlar.com.tr\/wp-content\/uploads\/2015\/08\/67A6166-390x260.png 390w, https:\/\/hasgurcanlar.com.tr\/wp-content\/uploads\/2015\/08\/67A6166-270x180.png 270w\" sizes=\"auto, (max-width: 480px) 100vw, 480px\" \/>\n\t\t\t<\/a><div class=\"view align-center\">\n\t\t\t\t\t<div class=\"vertical-align-table\">\n\t\t\t\t\t\t<div class=\"vertical-align-cell\"><p class=\"description\"><\/p><\/div>\n\t\t\t\t\t<\/div>\n\t\t\t\t<\/div><li><a href=\"https:\/\/hasgurcanlar.com.tr\/?ql_galleries=brake-repair\" title=\"\"><img loading=\"lazy\" decoding=\"async\" width=\"480\" height=\"320\" src=\"https:\/\/hasgurcanlar.com.tr\/wp-content\/uploads\/2015\/08\/67A6274-480x320.png\" class=\"attachment-big-thumb size-big-thumb wp-post-image\" alt=\"\" title=\"\" srcset=\"https:\/\/hasgurcanlar.com.tr\/wp-content\/uploads\/2015\/08\/67A6274-480x320.png 480w, https:\/\/hasgurcanlar.com.tr\/wp-content\/uploads\/2015\/08\/67A6274-300x200.png 300w, https:\/\/hasgurcanlar.com.tr\/wp-content\/uploads\/2015\/08\/67A6274-1024x683.png 1024w, https:\/\/hasgurcanlar.com.tr\/wp-content\/uploads\/2015\/08\/67A6274-768x512.png 768w, https:\/\/hasgurcanlar.com.tr\/wp-content\/uploads\/2015\/08\/67A6274-870x580.png 870w, https:\/\/hasgurcanlar.com.tr\/wp-content\/uploads\/2015\/08\/67A6274-570x380.png 570w, https:\/\/hasgurcanlar.com.tr\/wp-content\/uploads\/2015\/08\/67A6274-390x260.png 390w, https:\/\/hasgurcanlar.com.tr\/wp-content\/uploads\/2015\/08\/67A6274-270x180.png 270w, https:\/\/hasgurcanlar.com.tr\/wp-content\/uploads\/2015\/08\/67A6274.png 1050w\" sizes=\"auto, (max-width: 480px) 100vw, 480px\" \/>\n\t\t\t<\/a><div class=\"view align-center\">\n\t\t\t\t\t<div class=\"vertical-align-table\">\n\t\t\t\t\t\t<div class=\"vertical-align-cell\"><p class=\"description\"><\/p><\/div>\n\t\t\t\t\t<\/div>\n\t\t\t\t<\/div><li><a href=\"https:\/\/hasgurcanlar.com.tr\/?ql_galleries=tire-change\" title=\"\"><img loading=\"lazy\" decoding=\"async\" width=\"480\" height=\"320\" src=\"https:\/\/hasgurcanlar.com.tr\/wp-content\/uploads\/2015\/08\/67A6130-480x320.png\" class=\"attachment-big-thumb size-big-thumb wp-post-image\" alt=\"\" title=\"\" srcset=\"https:\/\/hasgurcanlar.com.tr\/wp-content\/uploads\/2015\/08\/67A6130-480x320.png 480w, https:\/\/hasgurcanlar.com.tr\/wp-content\/uploads\/2015\/08\/67A6130-300x200.png 300w, https:\/\/hasgurcanlar.com.tr\/wp-content\/uploads\/2015\/08\/67A6130-1024x683.png 1024w, https:\/\/hasgurcanlar.com.tr\/wp-content\/uploads\/2015\/08\/67A6130-768x512.png 768w, https:\/\/hasgurcanlar.com.tr\/wp-content\/uploads\/2015\/08\/67A6130-870x580.png 870w, https:\/\/hasgurcanlar.com.tr\/wp-content\/uploads\/2015\/08\/67A6130-570x380.png 570w, https:\/\/hasgurcanlar.com.tr\/wp-content\/uploads\/2015\/08\/67A6130-390x260.png 390w, https:\/\/hasgurcanlar.com.tr\/wp-content\/uploads\/2015\/08\/67A6130-270x180.png 270w, https:\/\/hasgurcanlar.com.tr\/wp-content\/uploads\/2015\/08\/67A6130.png 1050w\" sizes=\"auto, (max-width: 480px) 100vw, 480px\" \/>\n\t\t\t<\/a><div class=\"view align-center\">\n\t\t\t\t\t<div class=\"vertical-align-table\">\n\t\t\t\t\t\t<div class=\"vertical-align-cell\"><p class=\"description\"><\/p><\/div>\n\t\t\t\t\t<\/div>\n\t\t\t\t<\/div><li><a href=\"https:\/\/hasgurcanlar.com.tr\/?ql_galleries=oil-change\" title=\"\"><img loading=\"lazy\" decoding=\"async\" width=\"480\" height=\"320\" src=\"https:\/\/hasgurcanlar.com.tr\/wp-content\/uploads\/2015\/08\/67A6251-480x320.png\" class=\"attachment-big-thumb size-big-thumb wp-post-image\" alt=\"\" title=\"\" srcset=\"https:\/\/hasgurcanlar.com.tr\/wp-content\/uploads\/2015\/08\/67A6251-480x320.png 480w, https:\/\/hasgurcanlar.com.tr\/wp-content\/uploads\/2015\/08\/67A6251-870x580.png 870w, https:\/\/hasgurcanlar.com.tr\/wp-content\/uploads\/2015\/08\/67A6251-570x380.png 570w, https:\/\/hasgurcanlar.com.tr\/wp-content\/uploads\/2015\/08\/67A6251-390x260.png 390w, https:\/\/hasgurcanlar.com.tr\/wp-content\/uploads\/2015\/08\/67A6251-270x180.png 270w\" sizes=\"auto, (max-width: 480px) 100vw, 480px\" \/>\n\t\t\t<\/a><div class=\"view align-center\">\n\t\t\t\t\t<div class=\"vertical-align-table\">\n\t\t\t\t\t\t<div class=\"vertical-align-cell\"><p class=\"description\"><\/p><\/div>\n\t\t\t\t\t<\/div>\n\t\t\t\t<\/div><\/ul>[\/vc_column][\/vc_row][vc_row top_margin=&#8221;page-margin-top&#8221;][vc_column width=&#8221;1\/2&#8243;]<h3 class=\" box-header\">M\u0130SYONUMUZ<\/h3>[vc_column_text el_class=&#8221;description&#8221;]Ba\u015fta m\u00fc\u015fterilerimiz olmak \u00fczere t\u00fcm payda\u015flar\u0131m\u0131z\u0131n beklentilerini anlay\u0131p, onlarla olan ili\u015fkilerimizi en h\u0131zl\u0131 \u015fekilde beklentilerinin \u00fczerinde m\u00fckemmel bir seviyeye ta\u015f\u0131may\u0131; operasyonel m\u00fckemmelli\u011fe ula\u015fmay\u0131 sa\u011flayacak \u00f6nlemlerin al\u0131nmas\u0131 i\u00e7in etkin sistemlerin kurulmas\u0131n\u0131 ve bu \u015fekilde benzersiz bir m\u00fc\u015fteri deneyimi sunmay\u0131 hedefliyoruz.<\/p>\n<p>&nbsp;[\/vc_column_text][\/vc_column][vc_column width=&#8221;1\/2&#8243;]<h3 class=\" box-header\">S\u0131k Sorulan Sorular<\/h3>[vc_accordion el_class=&#8221;margin-top-40&#8243;][vc_accordion_tab title=&#8221;Sentetik motor ya\u011f\u0131 kullanmay\u0131 d\u00fc\u015f\u00fcnmeli miyim?&#8221; tab_id=&#8221;using-synthetic&#8221;][vc_column_text]Sentetik motor ya\u011flar\u0131, \u00e7ok k\u00fc\u00e7\u00fck molek\u00fclleri alan ve bunlar\u0131 \u00fcst\u00fcn ya\u011flama \u00f6zelliklerine sahip daha b\u00fcy\u00fck tasar\u0131mc\u0131 molek\u00fcller halinde bir araya getiren bir sentez s\u00fcreciyle \u00fcretilir.[\/vc_column_text][\/vc_accordion_tab][vc_accordion_tab title=&#8221;Motor Ya\u011f\u0131 Ne Zaman De\u011fi\u015ftirilir?&#8221; tab_id=&#8221;parts-replacements&#8221;][vc_column_text]10 bin kilometre yap\u0131ld\u0131ktan sonra\u00a0<strong>motor ya\u011f\u0131\u00a0<\/strong>de\u011fi\u015fimiyle yenileme yap\u0131l\u0131r. Motor ya\u011f\u0131 de\u011fi\u015fimlerinde eski ya\u011f\u0131n tamamen bo\u015falt\u0131lmas\u0131 gerekir. El freni \u00e7ekilerek park haline al\u0131nan arac\u0131n tekerlekleri aras\u0131na rampa da konulabilir. Sonras\u0131nda t\u0131pay\u0131 kald\u0131rarak eski ya\u011f\u0131n tamamen bitmesi sa\u011flan\u0131r. Ya\u011f filtresi bo\u015faltma i\u015flemleri de ayn\u0131 \u015fekilde olurken s\u0131cak ya\u011f\u0131n zararl\u0131 olmamas\u0131 i\u00e7in \u00f6nlemler al\u0131nmal\u0131d\u0131r. Yeni ya\u011f\u0131n do\u011fru oranda koyuldu\u011fundan emin olduktan sonra motor \u00e7al\u0131\u015ft\u0131r\u0131l\u0131r. Herhangi bir akma olup olmad\u0131\u011f\u0131 da kontrol edilir. Motorun s\u0131cak ve so\u011fuk durumlara kar\u015f\u0131 dayan\u0131kl\u0131 olmas\u0131n\u0131 sa\u011flamas\u0131n\u0131n yan\u0131 s\u0131ra metallerin s\u00fcrt\u00fcnmemesini de beraberinde getirir. Bu sayede hi\u00e7bir \u015fekilde a\u015f\u0131nma olmazken arac\u0131n performans kayb\u0131 ya\u015famadan kullan\u0131m\u0131 olur.[\/vc_column_text][\/vc_accordion_tab][vc_accordion_tab title=&#8221;Rutin bak\u0131m\u0131 nas\u0131l takip edebilirim?&#8221; tab_id=&#8221;track-routine&#8221;][vc_column_text]Periyodik bak\u0131mlar\u0131 takip edebilmek i\u00e7in \u00f6ncelikle ara\u00e7 ile verilen kullan\u0131m k\u0131lavuzundan yard\u0131m al\u0131nmas\u0131 gerekir. S\u00fcr\u00fcc\u00fcler, ara\u00e7lar\u0131n\u0131n ka\u00e7 kilometrede ya da hangi d\u00f6nemlerde bak\u0131m i\u00e7in yetkili teknik servise gitmesi gerekti\u011fini bu \u015fekilde \u00f6\u011frenebilir.<\/p>\n<p>Ayr\u0131ca \u00e7o\u011fu zaman yetkili teknik servisler, yeni periyodik bak\u0131m zaman\u0131 yakla\u015ft\u0131\u011f\u0131nda ara\u00e7 sahipleri ile ileti\u015fime ge\u00e7er ve yeni randevu i\u00e7in uygun tarihleri payla\u015f\u0131r.[\/vc_column_text][\/vc_accordion_tab][\/vc_accordion][\/vc_column][\/vc_row]<\/p>\n","protected":false},"excerpt":{"rendered":"<p>[vc_row type=&#8221;full-width&#8221;][vc_column][rev_slider_vc alias=&#8221;main&#8221;][\/vc_column][\/vc_row][vc_row type=&#8221;full-width&#8221; css=&#8221;.vc_custom_1439892689981{background-color: #f5f5f5 !important;}&#8221;][vc_column][\/vc_column][\/vc_row][vc_row top_margin=&#8221;page-margin-top-section&#8221;][vc_column][vc_column_text el_class=&#8221;description align-center&#8221;]Neden biz tercih etmelisiniz \u00c7\u00fcnk\u00fc ;Odak noktam\u0131z her zaman daha \u00e7ok i\u015f yapmak de\u011fil, daha \u00e7ok memnuniyet sa\u011flamakt\u0131r.\u00a0E\u011fer ortada bir m\u00fc\u015fteri yoksa, \u00fczg\u00fcn\u00fcz ama ortada ba\u015flayacak ve s\u00fcrd\u00fcr\u00fclecek bir i\u015f de yok demektir. Gayet a\u00e7\u0131k, i\u015finizin temelde amac\u0131 m\u00fc\u015fterilerinizin taleplerine kar\u015f\u0131l\u0131k vermek ve onlar\u0131n ihtiya\u00e7lar\u0131n\u0131 kar\u015f\u0131lamak<\/p>\n","protected":false},"author":1,"featured_media":0,"parent":0,"menu_order":0,"comment_status":"open","ping_status":"open","template":"template-default-without-breadcrumbs.php","meta":{"footnotes":""},"class_list":["post-1125","page","type-page","status-publish","hentry"],"_links":{"self":[{"href":"https:\/\/hasgurcanlar.com.tr\/index.php?rest_route=\/wp\/v2\/pages\/1125","targetHints":{"allow":["GET"]}}],"collection":[{"href":"https:\/\/hasgurcanlar.com.tr\/index.php?rest_route=\/wp\/v2\/pages"}],"about":[{"href":"https:\/\/hasgurcanlar.com.tr\/index.php?rest_route=\/wp\/v2\/types\/page"}],"author":[{"embeddable":true,"href":"https:\/\/hasgurcanlar.com.tr\/index.php?rest_route=\/wp\/v2\/users\/1"}],"replies":[{"embeddable":true,"href":"https:\/\/hasgurcanlar.com.tr\/index.php?rest_route=%2Fwp%2Fv2%2Fcomments&post=1125"}],"version-history":[{"count":28,"href":"https:\/\/hasgurcanlar.com.tr\/index.php?rest_route=\/wp\/v2\/pages\/1125\/revisions"}],"predecessor-version":[{"id":1836,"href":"https:\/\/hasgurcanlar.com.tr\/index.php?rest_route=\/wp\/v2\/pages\/1125\/revisions\/1836"}],"wp:attachment":[{"href":"https:\/\/hasgurcanlar.com.tr\/index.php?rest_route=%2Fwp%2Fv2%2Fmedia&parent=1125"}],"curies":[{"name":"wp","href":"https:\/\/api.w.org\/{rel}","templated":true}]}}