{"id":1107,"date":"2016-06-02T10:27:18","date_gmt":"2016-06-02T10:27:18","guid":{"rendered":"http:\/\/quanticalabs.com\/wptest\/carservice\/?page_id=1107"},"modified":"2022-04-28T23:46:14","modified_gmt":"2022-04-28T20:46:14","slug":"blog-3-columns","status":"publish","type":"page","link":"https:\/\/hasgurcanlar.com.tr\/?page_id=1107","title":{"rendered":"BLOG"},"content":{"rendered":"<p>[vc_row el_class=&#8221;margin-top-70&#8243;][vc_column]<div class=\"vc_row wpb_row vc_row-fluid layout-row\"><ul class=\"blog three-columns clearfix\"><li class=\"vc_col-sm-4 wpb_column vc_column_container post post-262 type-post status-publish format-standard has-post-thumbnail hentry category-engine category-oils tag-diagnostics tag-suspension\"><a class=\"post-image\" href=\"https:\/\/hasgurcanlar.com.tr\/?p=262\" title=\"Elektronik Direksiyon Tamiri\"><img loading=\"lazy\" decoding=\"async\" width=\"350\" height=\"219\" src=\"https:\/\/hasgurcanlar.com.tr\/wp-content\/uploads\/2015\/04\/direksiyon.jpeg\" class=\"attachment-big-thumb size-big-thumb wp-post-image\" alt=\"Elektronik Direksiyon Tamiri\" title=\"\" srcset=\"https:\/\/hasgurcanlar.com.tr\/wp-content\/uploads\/2015\/04\/direksiyon.jpeg 350w, https:\/\/hasgurcanlar.com.tr\/wp-content\/uploads\/2015\/04\/direksiyon-300x188.jpeg 300w\" sizes=\"auto, (max-width: 350px) 100vw, 350px\" \/><\/a><div class=\"post-content-details-container clearfix\"><ul class=\"post-content-details right\"><li class=\"template-eye\">304<\/li><li class=\"template-bubble\"><a href=\"https:\/\/hasgurcanlar.com.tr\/?p=262#respond\" title=\"0 comments\">0<\/a><\/li><\/ul><\/div><h4 class=\"box-header align-left\"><a href=\"https:\/\/hasgurcanlar.com.tr\/?p=262\" title=\"Elektronik Direksiyon Tamiri\">Elektronik Direksiyon Tamiri<\/a><\/h4><p>\u00d6ncelikle antifriz ne demek k\u0131saca tan\u0131mlayal\u0131m. Otomobil ve ticari ara\u00e7lar\u0131n motorunda bulunan su molek\u00fcllerinin donmas\u0131n\u0131 ya da mevsim \u015fartlar\u0131na ba\u011fl\u0131 nedenlerden dolay\u0131 a\u015f\u0131r\u0131 \u0131s\u0131nmas\u0131n\u0131<\/p>\n<\/li><li class=\"vc_col-sm-4 wpb_column vc_column_container post post-264 type-post status-publish format-standard has-post-thumbnail hentry category-brakes category-heating tag-brakes tag-engine tag-filters\"><a class=\"post-image\" href=\"https:\/\/hasgurcanlar.com.tr\/?p=264\" title=\"Hidrolik Direksiyon Tamiri\"><img loading=\"lazy\" decoding=\"async\" width=\"480\" height=\"320\" src=\"https:\/\/hasgurcanlar.com.tr\/wp-content\/uploads\/2015\/04\/hidrolik-480x320.png\" class=\"attachment-big-thumb size-big-thumb wp-post-image\" alt=\"Hidrolik Direksiyon Tamiri\" title=\"\" srcset=\"https:\/\/hasgurcanlar.com.tr\/wp-content\/uploads\/2015\/04\/hidrolik-480x320.png 480w, https:\/\/hasgurcanlar.com.tr\/wp-content\/uploads\/2015\/04\/hidrolik-300x199.png 300w, https:\/\/hasgurcanlar.com.tr\/wp-content\/uploads\/2015\/04\/hidrolik-570x380.png 570w, https:\/\/hasgurcanlar.com.tr\/wp-content\/uploads\/2015\/04\/hidrolik-390x260.png 390w, https:\/\/hasgurcanlar.com.tr\/wp-content\/uploads\/2015\/04\/hidrolik-270x180.png 270w\" sizes=\"auto, (max-width: 480px) 100vw, 480px\" \/><\/a><div class=\"post-content-details-container clearfix\"><ul class=\"post-content-details right\"><li class=\"template-eye\">292<\/li><li class=\"template-bubble\"><a href=\"https:\/\/hasgurcanlar.com.tr\/?p=264#respond\" title=\"0 comments\">0<\/a><\/li><\/ul><\/div><h4 class=\"box-header align-left\"><a href=\"https:\/\/hasgurcanlar.com.tr\/?p=264\" title=\"Hidrolik Direksiyon Tamiri\">Hidrolik Direksiyon Tamiri<\/a><\/h4><p>amanla ara\u00e7larda meydana gelebilecek ufak \u00e7apl\u0131 ar\u0131zalar s\u00fcr\u00fcc\u00fcler fark etmeden b\u00fcy\u00fck sorunlara yol a\u00e7abilir. Motorlu ara\u00e7larda \u00f6nemli par\u00e7alar\u0131n belirli aral\u0131klarla kontrol\u00fcn\u00fcn sa\u011flanmas\u0131,<\/p>\n<\/li><li class=\"vc_col-sm-4 wpb_column vc_column_container post post-613 type-post status-publish format-standard has-post-thumbnail hentry category-belts category-oils tag-brakes tag-oils\"><a class=\"post-image\" href=\"https:\/\/hasgurcanlar.com.tr\/?p=613\" title=\"Direksiyon Pompas\u0131 Tamiri\"><img loading=\"lazy\" decoding=\"async\" width=\"480\" height=\"320\" src=\"https:\/\/hasgurcanlar.com.tr\/wp-content\/uploads\/2015\/03\/pompa-480x320.jpeg\" class=\"attachment-big-thumb size-big-thumb wp-post-image\" alt=\"Direksiyon Pompas\u0131 Tamiri\" title=\"\" srcset=\"https:\/\/hasgurcanlar.com.tr\/wp-content\/uploads\/2015\/03\/pompa-480x320.jpeg 480w, https:\/\/hasgurcanlar.com.tr\/wp-content\/uploads\/2015\/03\/pompa-390x260.jpeg 390w, https:\/\/hasgurcanlar.com.tr\/wp-content\/uploads\/2015\/03\/pompa-270x180.jpeg 270w\" sizes=\"auto, (max-width: 480px) 100vw, 480px\" \/><\/a><div class=\"post-content-details-container clearfix\"><ul class=\"post-content-details right\"><li class=\"template-eye\">185<\/li><li class=\"template-bubble\"><a href=\"https:\/\/hasgurcanlar.com.tr\/?p=613#respond\" title=\"0 comments\">0<\/a><\/li><\/ul><\/div><h4 class=\"box-header align-left\"><a href=\"https:\/\/hasgurcanlar.com.tr\/?p=613\" title=\"Direksiyon Pompas\u0131 Tamiri\">Direksiyon Pompas\u0131 Tamiri<\/a><\/h4><p>Otomobil kullanma keyfini maksimum seviyede hissettiren otomatik vitesli ara\u00e7lar, \u015fehir i\u00e7i kullan\u0131mda pratikli\u011fiyle, uzun yolculuklarda ise yaratt\u0131\u011f\u0131 rahatl\u0131k ile s\u00fcr\u00fcc\u00fcler taraf\u0131ndan s\u0131k\u00e7a<\/p>\n<\/li><\/ul><ul class=\"blog three-columns clearfix\"><li class=\"vc_col-sm-4 wpb_column vc_column_container post post-616 type-post status-publish format-standard has-post-thumbnail hentry category-suspension category-transmission tag-belts tag-heating tag-suspension\"><a class=\"post-image\" href=\"https:\/\/hasgurcanlar.com.tr\/?p=616\" title=\"EPS Tamiri\"><img loading=\"lazy\" decoding=\"async\" width=\"480\" height=\"320\" src=\"https:\/\/hasgurcanlar.com.tr\/wp-content\/uploads\/2015\/03\/eps-480x320.jpeg\" class=\"attachment-big-thumb size-big-thumb wp-post-image\" alt=\"EPS Tamiri\" title=\"\" srcset=\"https:\/\/hasgurcanlar.com.tr\/wp-content\/uploads\/2015\/03\/eps-480x320.jpeg 480w, https:\/\/hasgurcanlar.com.tr\/wp-content\/uploads\/2015\/03\/eps-870x580.jpeg 870w, https:\/\/hasgurcanlar.com.tr\/wp-content\/uploads\/2015\/03\/eps-570x380.jpeg 570w, https:\/\/hasgurcanlar.com.tr\/wp-content\/uploads\/2015\/03\/eps-390x260.jpeg 390w, https:\/\/hasgurcanlar.com.tr\/wp-content\/uploads\/2015\/03\/eps-270x180.jpeg 270w\" sizes=\"auto, (max-width: 480px) 100vw, 480px\" \/><\/a><div class=\"post-content-details-container clearfix\"><ul class=\"post-content-details right\"><li class=\"template-eye\">173<\/li><li class=\"template-bubble\"><a href=\"https:\/\/hasgurcanlar.com.tr\/?p=616#respond\" title=\"0 comments\">0<\/a><\/li><\/ul><\/div><h4 class=\"box-header align-left\"><a href=\"https:\/\/hasgurcanlar.com.tr\/?p=616\" title=\"EPS Tamiri\">EPS Tamiri<\/a><\/h4><p>Arac\u0131n\u0131z\u0131 K\u0131\u015fa Nas\u0131l Haz\u0131rlayacaks\u0131n\u0131z?<\/p>\n<p>K\u0131\u015f Mevsimi yakla\u015f\u0131rken, arac\u0131m\u0131z\u0131 k\u0131\u015fa haz\u0131r hale getirmek i\u00e7in almam\u0131z gereken bir \u00e7ok \u00f6nlem var.<br \/>\nKazalar\u0131n k\u0131\u015f aylar\u0131nda y\u00fckseldi\u011fini<\/p>\n<\/li><li class=\"vc_col-sm-4 wpb_column vc_column_container post post-619 type-post status-publish format-standard has-post-thumbnail hentry category-diagnostics category-tires tag-steering tag-transmission\"><a class=\"post-image\" href=\"https:\/\/hasgurcanlar.com.tr\/?p=619\" title=\"Direksiyon Kutusu Tamiri\"><img loading=\"lazy\" decoding=\"async\" width=\"480\" height=\"320\" src=\"https:\/\/hasgurcanlar.com.tr\/wp-content\/uploads\/2015\/01\/direksiyonkutussu-480x320.jpeg\" class=\"attachment-big-thumb size-big-thumb wp-post-image\" alt=\"Direksiyon Kutusu Tamiri\" title=\"\" srcset=\"https:\/\/hasgurcanlar.com.tr\/wp-content\/uploads\/2015\/01\/direksiyonkutussu-480x320.jpeg 480w, https:\/\/hasgurcanlar.com.tr\/wp-content\/uploads\/2015\/01\/direksiyonkutussu-870x580.jpeg 870w, https:\/\/hasgurcanlar.com.tr\/wp-content\/uploads\/2015\/01\/direksiyonkutussu-570x380.jpeg 570w, https:\/\/hasgurcanlar.com.tr\/wp-content\/uploads\/2015\/01\/direksiyonkutussu-390x260.jpeg 390w, https:\/\/hasgurcanlar.com.tr\/wp-content\/uploads\/2015\/01\/direksiyonkutussu-270x180.jpeg 270w\" sizes=\"auto, (max-width: 480px) 100vw, 480px\" \/><\/a><div class=\"post-content-details-container clearfix\"><ul class=\"post-content-details right\"><li class=\"template-eye\">212<\/li><li class=\"template-bubble\"><a href=\"https:\/\/hasgurcanlar.com.tr\/?p=619#respond\" title=\"0 comments\">0<\/a><\/li><\/ul><\/div><h4 class=\"box-header align-left\"><a href=\"https:\/\/hasgurcanlar.com.tr\/?p=619\" title=\"Direksiyon Kutusu Tamiri\">Direksiyon Kutusu Tamiri<\/a><\/h4><p>E\u011fer motordan gelen \u0131sl\u0131k benzeri sesler, rahats\u0131z edici seviyede de\u011filse, genellikle bu bir ar\u0131za i\u015fareti de say\u0131lmaz. \u00d6zellikle de turbo aksam\u0131 bulunan ara\u00e7lardan bu \u015fekilde \u0131sl\u0131k seslerinin<\/p>\n<\/li><li class=\"vc_col-sm-4 wpb_column vc_column_container post post-633 type-post status-publish format-standard has-post-thumbnail hentry category-steering category-suspension tag-brakes\"><a class=\"post-image\" href=\"https:\/\/hasgurcanlar.com.tr\/?p=633\" title=\"Bilgisayarl\u0131 Ar\u0131za Tespiti\"><img loading=\"lazy\" decoding=\"async\" width=\"480\" height=\"320\" src=\"https:\/\/hasgurcanlar.com.tr\/wp-content\/uploads\/2015\/01\/67A6297-480x320.png\" class=\"attachment-big-thumb size-big-thumb wp-post-image\" alt=\"Bilgisayarl\u0131 Ar\u0131za Tespiti\" title=\"\" srcset=\"https:\/\/hasgurcanlar.com.tr\/wp-content\/uploads\/2015\/01\/67A6297-480x320.png 480w, https:\/\/hasgurcanlar.com.tr\/wp-content\/uploads\/2015\/01\/67A6297-870x580.png 870w, https:\/\/hasgurcanlar.com.tr\/wp-content\/uploads\/2015\/01\/67A6297-570x380.png 570w, https:\/\/hasgurcanlar.com.tr\/wp-content\/uploads\/2015\/01\/67A6297-390x260.png 390w, https:\/\/hasgurcanlar.com.tr\/wp-content\/uploads\/2015\/01\/67A6297-270x180.png 270w\" sizes=\"auto, (max-width: 480px) 100vw, 480px\" \/><\/a><div class=\"post-content-details-container clearfix\"><ul class=\"post-content-details right\"><li class=\"template-eye\">174<\/li><li class=\"template-bubble\"><a href=\"https:\/\/hasgurcanlar.com.tr\/?p=633#respond\" title=\"0 comments\">0<\/a><\/li><\/ul><\/div><h4 class=\"box-header align-left\"><a href=\"https:\/\/hasgurcanlar.com.tr\/?p=633\" title=\"Bilgisayarl\u0131 Ar\u0131za Tespiti\">Bilgisayarl\u0131 Ar\u0131za Tespiti<\/a><\/h4><p>Daha \u00f6nceki #BMW modellerinde \u00f6m\u00fcrl\u00fck olan bu sistem gerek ses gerek daha verimli bir \u00e7al\u0131\u015fma amac\u0131 ile yeni modellerde de\u011fi\u015fmesi ama\u00e7lanm\u0131\u015ft\u0131r. \u00d6zellikle dizel ara\u00e7larda de\u011fi\u015fmesi gereken<\/p>\n<\/li><\/ul><\/div><ul class='pagination clearfix page-margin-top'><li class='selected'><span>1<\/span><\/li><li><a href='https:\/\/hasgurcanlar.com.tr\/index.php?rest_route=%2Fwp%2Fv2%2Fpages%2F1107&#038;paged=2'>2<\/a><\/li><\/ul>[\/vc_column][\/vc_row]<\/p>\n","protected":false},"excerpt":{"rendered":"<p>[vc_row el_class=&#8221;margin-top-70&#8243;][vc_column][\/vc_column][\/vc_row]<\/p>\n","protected":false},"author":1,"featured_media":0,"parent":0,"menu_order":0,"comment_status":"closed","ping_status":"closed","template":"","meta":{"footnotes":""},"class_list":["post-1107","page","type-page","status-publish","hentry"],"_links":{"self":[{"href":"https:\/\/hasgurcanlar.com.tr\/index.php?rest_route=\/wp\/v2\/pages\/1107","targetHints":{"allow":["GET"]}}],"collection":[{"href":"https:\/\/hasgurcanlar.com.tr\/index.php?rest_route=\/wp\/v2\/pages"}],"about":[{"href":"https:\/\/hasgurcanlar.com.tr\/index.php?rest_route=\/wp\/v2\/types\/page"}],"author":[{"embeddable":true,"href":"https:\/\/hasgurcanlar.com.tr\/index.php?rest_route=\/wp\/v2\/users\/1"}],"replies":[{"embeddable":true,"href":"https:\/\/hasgurcanlar.com.tr\/index.php?rest_route=%2Fwp%2Fv2%2Fcomments&post=1107"}],"version-history":[{"count":2,"href":"https:\/\/hasgurcanlar.com.tr\/index.php?rest_route=\/wp\/v2\/pages\/1107\/revisions"}],"predecessor-version":[{"id":1724,"href":"https:\/\/hasgurcanlar.com.tr\/index.php?rest_route=\/wp\/v2\/pages\/1107\/revisions\/1724"}],"wp:attachment":[{"href":"https:\/\/hasgurcanlar.com.tr\/index.php?rest_route=%2Fwp%2Fv2%2Fmedia&parent=1107"}],"curies":[{"name":"wp","href":"https:\/\/api.w.org\/{rel}","templated":true}]}}